{"id":667,"date":"2026-04-16T04:32:11","date_gmt":"2026-04-16T04:32:11","guid":{"rendered":"https:\/\/adnabakija.hr\/works\/"},"modified":"2026-04-28T09:10:42","modified_gmt":"2026-04-28T09:10:42","slug":"works","status":"publish","type":"page","link":"https:\/\/adnabakija.hr\/en\/works\/","title":{"rendered":"Works"},"content":{"rendered":"\t\t<div data-elementor-type=\"wp-page\" data-elementor-id=\"667\" class=\"elementor elementor-667 elementor-223\" data-elementor-post-type=\"page\">\n\t\t\t\t<div class=\"elementor-element elementor-element-f155649 e-con-full e-flex e-con e-parent\" data-id=\"f155649\" data-element_type=\"container\" data-e-type=\"container\">\n\t\t<div class=\"elementor-element elementor-element-a36cfdc e-con-full e-flex e-con e-child\" data-id=\"a36cfdc\" data-element_type=\"container\" data-e-type=\"container\">\n\t\t\t\t<div class=\"elementor-element elementor-element-6e774f7 elementor-widget elementor-widget-heading\" data-id=\"6e774f7\" data-element_type=\"widget\" data-e-type=\"widget\" data-widget_type=\"heading.default\">\n\t\t\t\t\t<h1 class=\"elementor-heading-title elementor-size-default\">Works<\/h1>\t\t\t\t<\/div>\n\t\t\t\t<\/div>\n\t\t\t\t<\/div>\n\t\t<div class=\"elementor-element elementor-element-276597b e-flex e-con-boxed e-con e-parent\" data-id=\"276597b\" data-element_type=\"container\" data-e-type=\"container\">\n\t\t\t\t\t<div class=\"e-con-inner\">\n\t\t\t\t<div class=\"elementor-element elementor-element-b1cb73c elementor-widget elementor-widget-shortcode\" data-id=\"b1cb73c\" data-element_type=\"widget\" data-e-type=\"widget\" data-widget_type=\"shortcode.default\">\n\t\t\t\t\t\t\t<div class=\"elementor-shortcode\"><div class=\"adna-ht\" id=\"adna-horizontal-timeline-1\" data-adna-timeline>\r\n\t<div class=\"adna-ht__inner\">\r\n\t\t<div class=\"adna-ht__edge adna-ht__edge--left\" aria-hidden=\"true\"><\/div>\r\n\t\t<div class=\"adna-ht__edge adna-ht__edge--right\" aria-hidden=\"true\"><\/div>\r\n\t\t<div\r\n\t\t\tclass=\"adna-ht__scroll\"\r\n\t\t\ttabindex=\"0\"\r\n\t\t\trole=\"region\"\r\n\t\t\taria-label=\"Chronological timeline\"\r\n\t\t\tdata-adna-scroll\r\n\t\t>\r\n\t\t\t<div class=\"adna-ht__track\">\r\n\t\t\t\t<div class=\"adna-ht__line\" aria-hidden=\"true\"><\/div>\r\n\t\t\t\t\t\t\t\t<article\r\n\t\t\t\t\tclass=\"adna-ht__segment adna-ht__segment--upper\"\r\n\t\t\t\t\tdata-adna-segment\r\n\t\t\t\t\tdata-year=\"2007\"\r\n\t\t\t\t>\r\n\t\t\t\t\t<div class=\"adna-ht__node\">\r\n\t\t\t\t\t\t<span class=\"adna-ht__dot\" aria-hidden=\"true\"><\/span>\r\n\t\t\t\t\t\t<span class=\"adna-ht__year\">2007<\/span>\r\n\t\t\t\t\t<\/div>\r\n\t\t\t\t\t<div class=\"adna-ht__card\">\r\n\t\t\t\t\t\t<ul class=\"adna-ht__list\">\r\n\t\t\t\t\t\t\t\t\t\t\t\t\t\t\t\t\t\t\t\t\t\t<li class=\"adna-ht__item adna-ht__item--heading\">Sculptures and reliefs:<\/li>\r\n\t\t\t\t\t\t\t\t\t\t\t\t\t\t\t\t\t\t\t\t\t\t<li class=\"adna-ht__item\">Cube, plaster, 35\u00d735 cm<\/li>\r\n\t\t\t\t\t\t\t\t\t\t\t\t\t\t\t\t\t\t\t\t\t\t<li class=\"adna-ht__item\"><a class=\"adna-ht__link\" href=\"https:\/\/adnabakija.hr\/en\/works\/horse-fighting\/\" target=\"_blank\" rel=\"noopener noreferrer\">Horses fighting, papier-m\u00e2ch\u00e9, 86\u00d796 cm<\/a><\/li>\r\n\t\t\t\t\t\t\t\t\t\t\t\t\t\t\t\t\t\t\t\t\t\t<li class=\"adna-ht__item\">Sunflowers, papier-m\u00e2ch\u00e9, 70\u00d750 cm<\/li>\r\n\t\t\t\t\t\t\t\t\t\t\t\t\t\t\t\t\t\t\t\t\t\t<li class=\"adna-ht__item\">The hunt, copper<\/li>\r\n\t\t\t\t\t\t\t\t\t\t\t\t\t<\/ul>\r\n\t\t\t\t\t<\/div>\r\n\t\t\t\t<\/article>\r\n\t\t\t\t\t\t\t\t\t<article\r\n\t\t\t\t\tclass=\"adna-ht__segment adna-ht__segment--lower\"\r\n\t\t\t\t\tdata-adna-segment\r\n\t\t\t\t\tdata-year=\"2009\"\r\n\t\t\t\t>\r\n\t\t\t\t\t<div class=\"adna-ht__node\">\r\n\t\t\t\t\t\t<span class=\"adna-ht__dot\" aria-hidden=\"true\"><\/span>\r\n\t\t\t\t\t\t<span class=\"adna-ht__year\">2009<\/span>\r\n\t\t\t\t\t<\/div>\r\n\t\t\t\t\t<div class=\"adna-ht__card\">\r\n\t\t\t\t\t\t<ul class=\"adna-ht__list\">\r\n\t\t\t\t\t\t\t\t\t\t\t\t\t\t\t\t\t\t\t\t\t\t<li class=\"adna-ht__item\">Award: \u201cVladimir Vojnovi\u0107\u201d charter for the most mature creative expression<\/li>\r\n\t\t\t\t\t\t\t\t\t\t\t\t\t<\/ul>\r\n\t\t\t\t\t<\/div>\r\n\t\t\t\t<\/article>\r\n\t\t\t\t\t\t\t\t\t<article\r\n\t\t\t\t\tclass=\"adna-ht__segment adna-ht__segment--upper\"\r\n\t\t\t\t\tdata-adna-segment\r\n\t\t\t\t\tdata-year=\"2010\"\r\n\t\t\t\t>\r\n\t\t\t\t\t<div class=\"adna-ht__node\">\r\n\t\t\t\t\t\t<span class=\"adna-ht__dot\" aria-hidden=\"true\"><\/span>\r\n\t\t\t\t\t\t<span class=\"adna-ht__year\">2010<\/span>\r\n\t\t\t\t\t<\/div>\r\n\t\t\t\t\t<div class=\"adna-ht__card\">\r\n\t\t\t\t\t\t<ul class=\"adna-ht__list\">\r\n\t\t\t\t\t\t\t\t\t\t\t\t\t\t\t\t\t\t\t\t\t\t<li class=\"adna-ht__item adna-ht__item--heading\">Sculptures:<\/li>\r\n\t\t\t\t\t\t\t\t\t\t\t\t\t\t\t\t\t\t\t\t\t\t<li class=\"adna-ht__item\">Moments of reflection, patinated plaster, 50\u00d723\u00d721 cm<\/li>\r\n\t\t\t\t\t\t\t\t\t\t\t\t\t\t\t\t\t\t\t\t\t\t<li class=\"adna-ht__item\">Iko on a break, patinated plaster, 43\u00d724\u00d723 cm<\/li>\r\n\t\t\t\t\t\t\t\t\t\t\t\t\t\t\t\t\t\t\t\t\t\t<li class=\"adna-ht__item\">Anchor, bronze, 18\u00d731\u00d76 cm<\/li>\r\n\t\t\t\t\t\t\t\t\t\t\t\t\t\t\t\t\t\t\t\t\t\t<li class=\"adna-ht__item\">Self-portrait, fired clay, 45\u00d725\u00d720 cm<\/li>\r\n\t\t\t\t\t\t\t\t\t\t\t\t\t\t\t\t\t\t\t\t\t\t<li class=\"adna-ht__item\">Group exhibition: 61st anniversary of the Academy of Fine Arts, Sarajevo<\/li>\r\n\t\t\t\t\t\t\t\t\t\t\t\t\t<\/ul>\r\n\t\t\t\t\t<\/div>\r\n\t\t\t\t<\/article>\r\n\t\t\t\t\t\t\t\t\t<article\r\n\t\t\t\t\tclass=\"adna-ht__segment adna-ht__segment--lower\"\r\n\t\t\t\t\tdata-adna-segment\r\n\t\t\t\t\tdata-year=\"2011\"\r\n\t\t\t\t>\r\n\t\t\t\t\t<div class=\"adna-ht__node\">\r\n\t\t\t\t\t\t<span class=\"adna-ht__dot\" aria-hidden=\"true\"><\/span>\r\n\t\t\t\t\t\t<span class=\"adna-ht__year\">2011<\/span>\r\n\t\t\t\t\t<\/div>\r\n\t\t\t\t\t<div class=\"adna-ht__card\">\r\n\t\t\t\t\t\t<ul class=\"adna-ht__list\">\r\n\t\t\t\t\t\t\t\t\t\t\t\t\t\t\t\t\t\t\t\t\t\t<li class=\"adna-ht__item adna-ht__item--heading\">Sculptures:<\/li>\r\n\t\t\t\t\t\t\t\t\t\t\t\t\t\t\t\t\t\t\t\t\t\t<li class=\"adna-ht__item\"><a class=\"adna-ht__link\" href=\"https:\/\/adnabakija.hr\/en\/works\/torso\/\" target=\"_blank\" rel=\"noopener noreferrer\">Torso, papier-m\u00e2ch\u00e9 and plaster, 90\u00d740\u00d725 cm<\/a><\/li>\r\n\t\t\t\t\t\t\t\t\t\t\t\t\t\t\t\t\t\t\t\t\t\t<li class=\"adna-ht__item\">Small nude, papier-m\u00e2ch\u00e9, 79\u00d737\u00d718 cm<\/li>\r\n\t\t\t\t\t\t\t\t\t\t\t\t\t\t\t\t\t\t\t\t\t\t<li class=\"adna-ht__item adna-ht__item--heading\">Group exhibitions:<\/li>\r\n\t\t\t\t\t\t\t\t\t\t\t\t\t\t\t\t\t\t\t\t\t\t<li class=\"adna-ht__item\">University December days \u2013 62nd anniversary of ALU, Sarajevo<\/li>\r\n\t\t\t\t\t\t\t\t\t\t\t\t\t\t\t\t\t\t\t\t\t\t<li class=\"adna-ht__item\">TRANSFORM, international student exhibition, Sofia, National Academy of Art<\/li>\r\n\t\t\t\t\t\t\t\t\t\t\t\t\t<\/ul>\r\n\t\t\t\t\t<\/div>\r\n\t\t\t\t<\/article>\r\n\t\t\t\t\t\t\t\t\t<article\r\n\t\t\t\t\tclass=\"adna-ht__segment adna-ht__segment--upper\"\r\n\t\t\t\t\tdata-adna-segment\r\n\t\t\t\t\tdata-year=\"2012\"\r\n\t\t\t\t>\r\n\t\t\t\t\t<div class=\"adna-ht__node\">\r\n\t\t\t\t\t\t<span class=\"adna-ht__dot\" aria-hidden=\"true\"><\/span>\r\n\t\t\t\t\t\t<span class=\"adna-ht__year\">2012<\/span>\r\n\t\t\t\t\t<\/div>\r\n\t\t\t\t\t<div class=\"adna-ht__card\">\r\n\t\t\t\t\t\t<ul class=\"adna-ht__list\">\r\n\t\t\t\t\t\t\t\t\t\t\t\t\t\t\t\t\t\t\t\t\t\t<li class=\"adna-ht__item adna-ht__item--heading\">Sculptures:<\/li>\r\n\t\t\t\t\t\t\t\t\t\t\t\t\t\t\t\t\t\t\t\t\t\t<li class=\"adna-ht__item\">Seated nude, jute, 114\u00d765\u00d761 cm<\/li>\r\n\t\t\t\t\t\t\t\t\t\t\t\t\t\t\t\t\t\t\t\t\t\t<li class=\"adna-ht__item\">Reclining nude, fabric, 50\u00d7152\u00d760 cm<\/li>\r\n\t\t\t\t\t\t\t\t\t\t\t\t\t\t\t\t\t\t\t\t\t\t<li class=\"adna-ht__item\">Group exhibition: Energy efficiency and environmental protection<\/li>\r\n\t\t\t\t\t\t\t\t\t\t\t\t\t\t\t\t\t\t\t\t\t\t<li class=\"adna-ht__item\">Solo exhibition: Raiffeisen Gallery, Sarajevo<\/li>\r\n\t\t\t\t\t\t\t\t\t\t\t\t\t\t\t\t\t\t\t\t\t\t<li class=\"adna-ht__item\">Award: Raiffeisen Bank \u2013 best female student at ALU Sarajevo<\/li>\r\n\t\t\t\t\t\t\t\t\t\t\t\t\t<\/ul>\r\n\t\t\t\t\t<\/div>\r\n\t\t\t\t<\/article>\r\n\t\t\t\t\t\t\t\t\t<article\r\n\t\t\t\t\tclass=\"adna-ht__segment adna-ht__segment--lower\"\r\n\t\t\t\t\tdata-adna-segment\r\n\t\t\t\t\tdata-year=\"2013\"\r\n\t\t\t\t>\r\n\t\t\t\t\t<div class=\"adna-ht__node\">\r\n\t\t\t\t\t\t<span class=\"adna-ht__dot\" aria-hidden=\"true\"><\/span>\r\n\t\t\t\t\t\t<span class=\"adna-ht__year\">2013<\/span>\r\n\t\t\t\t\t<\/div>\r\n\t\t\t\t\t<div class=\"adna-ht__card\">\r\n\t\t\t\t\t\t<ul class=\"adna-ht__list\">\r\n\t\t\t\t\t\t\t\t\t\t\t\t\t\t\t\t\t\t\t\t\t\t<li class=\"adna-ht__item\">Solo exhibition: FAST FORWARD \u2013 Limitation, Gallery of Fine Arts, Split<\/li>\r\n\t\t\t\t\t\t\t\t\t\t\t\t\t\t\t\t\t\t\t\t\t\t<li class=\"adna-ht__item\">Degree show of the sculpture department, UMAS, MKC, Split<\/li>\r\n\t\t\t\t\t\t\t\t\t\t\t\t\t\t\t\t\t\t\t\t\t\t<li class=\"adna-ht__item\">Exhibition of senior-year UMAS students, Sikirica Gallery, Sinj<\/li>\r\n\t\t\t\t\t\t\t\t\t\t\t\t\t<\/ul>\r\n\t\t\t\t\t<\/div>\r\n\t\t\t\t<\/article>\r\n\t\t\t\t\t\t\t\t\t<article\r\n\t\t\t\t\tclass=\"adna-ht__segment adna-ht__segment--upper\"\r\n\t\t\t\t\tdata-adna-segment\r\n\t\t\t\t\tdata-year=\"2014\"\r\n\t\t\t\t>\r\n\t\t\t\t\t<div class=\"adna-ht__node\">\r\n\t\t\t\t\t\t<span class=\"adna-ht__dot\" aria-hidden=\"true\"><\/span>\r\n\t\t\t\t\t\t<span class=\"adna-ht__year\">2014<\/span>\r\n\t\t\t\t\t<\/div>\r\n\t\t\t\t\t<div class=\"adna-ht__card\">\r\n\t\t\t\t\t\t<ul class=\"adna-ht__list\">\r\n\t\t\t\t\t\t\t\t\t\t\t\t\t\t\t\t\t\t\t\t\t\t<li class=\"adna-ht__item\"><a class=\"adna-ht__link\" href=\"https:\/\/adnabakija.hr\/en\/works\/solo-exhibition-premieres-41-hunting-newspaper-loggia-golden-gate-center-split\/\" target=\"_blank\" rel=\"noopener noreferrer\">Solo exhibition: PREMIJERE 41 \u2013 HUNT \u201cNEWSPAPERS\u201d, Loggia, Zlatna vrata Centre, Split<\/a><\/li>\r\n\t\t\t\t\t\t\t\t\t\t\t\t\t<\/ul>\r\n\t\t\t\t\t<\/div>\r\n\t\t\t\t<\/article>\r\n\t\t\t\t\t\t\t\t\t<article\r\n\t\t\t\t\tclass=\"adna-ht__segment adna-ht__segment--lower\"\r\n\t\t\t\t\tdata-adna-segment\r\n\t\t\t\t\tdata-year=\"2019\"\r\n\t\t\t\t>\r\n\t\t\t\t\t<div class=\"adna-ht__node\">\r\n\t\t\t\t\t\t<span class=\"adna-ht__dot\" aria-hidden=\"true\"><\/span>\r\n\t\t\t\t\t\t<span class=\"adna-ht__year\">2019<\/span>\r\n\t\t\t\t\t<\/div>\r\n\t\t\t\t\t<div class=\"adna-ht__card\">\r\n\t\t\t\t\t\t<ul class=\"adna-ht__list\">\r\n\t\t\t\t\t\t\t\t\t\t\t\t\t\t\t\t\t\t\t\t\t\t<li class=\"adna-ht__item\">Solo exhibition: IN SPITE OF EVERYTHING, Gradac local heritage collection<\/li>\r\n\t\t\t\t\t\t\t\t\t\t\t\t\t<\/ul>\r\n\t\t\t\t\t<\/div>\r\n\t\t\t\t<\/article>\r\n\t\t\t\t\t\t\t\t\t<article\r\n\t\t\t\t\tclass=\"adna-ht__segment adna-ht__segment--upper\"\r\n\t\t\t\t\tdata-adna-segment\r\n\t\t\t\t\tdata-year=\"2021\"\r\n\t\t\t\t>\r\n\t\t\t\t\t<div class=\"adna-ht__node\">\r\n\t\t\t\t\t\t<span class=\"adna-ht__dot\" aria-hidden=\"true\"><\/span>\r\n\t\t\t\t\t\t<span class=\"adna-ht__year\">2021<\/span>\r\n\t\t\t\t\t<\/div>\r\n\t\t\t\t\t<div class=\"adna-ht__card\">\r\n\t\t\t\t\t\t<ul class=\"adna-ht__list\">\r\n\t\t\t\t\t\t\t\t\t\t\t\t\t\t\t\t\t\t\t\t\t\t<li class=\"adna-ht__item\">Award: accompanying graphic mark of TZ Gradac. Exhibition: Behind and in front of us, Gradac (relief works, educational workshops)<\/li>\r\n\t\t\t\t\t\t\t\t\t\t\t\t\t<\/ul>\r\n\t\t\t\t\t<\/div>\r\n\t\t\t\t<\/article>\r\n\t\t\t\t\t\t\t\t\t<article\r\n\t\t\t\t\tclass=\"adna-ht__segment adna-ht__segment--lower\"\r\n\t\t\t\t\tdata-adna-segment\r\n\t\t\t\t\tdata-year=\"2022\"\r\n\t\t\t\t>\r\n\t\t\t\t\t<div class=\"adna-ht__node\">\r\n\t\t\t\t\t\t<span class=\"adna-ht__dot\" aria-hidden=\"true\"><\/span>\r\n\t\t\t\t\t\t<span class=\"adna-ht__year\">2022<\/span>\r\n\t\t\t\t\t<\/div>\r\n\t\t\t\t\t<div class=\"adna-ht__card\">\r\n\t\t\t\t\t\t<ul class=\"adna-ht__list\">\r\n\t\t\t\t\t\t\t\t\t\t\t\t\t\t\t\t\t\t\t\t\t\t<li class=\"adna-ht__item\">Concept design for sculpture: Tourism Champion 2021, TZ Drvenik<\/li>\r\n\t\t\t\t\t\t\t\t\t\t\t\t\t<\/ul>\r\n\t\t\t\t\t<\/div>\r\n\t\t\t\t<\/article>\r\n\t\t\t\t\t\t\t\t\t<article\r\n\t\t\t\t\tclass=\"adna-ht__segment adna-ht__segment--upper\"\r\n\t\t\t\t\tdata-adna-segment\r\n\t\t\t\t\tdata-year=\"2023\"\r\n\t\t\t\t>\r\n\t\t\t\t\t<div class=\"adna-ht__node\">\r\n\t\t\t\t\t\t<span class=\"adna-ht__dot\" aria-hidden=\"true\"><\/span>\r\n\t\t\t\t\t\t<span class=\"adna-ht__year\">2023<\/span>\r\n\t\t\t\t\t<\/div>\r\n\t\t\t\t\t<div class=\"adna-ht__card\">\r\n\t\t\t\t\t\t<ul class=\"adna-ht__list\">\r\n\t\t\t\t\t\t\t\t\t\t\t\t\t\t\t\t\t\t\t\t\t\t<li class=\"adna-ht__item\"><a class=\"adna-ht__link\" href=\"https:\/\/adnabakija.hr\/en\/works\/fra-aleksandar-ribicic-zaostrog\/\" target=\"_blank\" rel=\"noopener noreferrer\">Monument: Fra Aleksandar Ribi\u010di\u0107, Zaostrog (bronze)<\/a><\/li>\r\n\t\t\t\t\t\t\t\t\t\t\t\t\t\t\t\t\t\t\t\t\t\t<li class=\"adna-ht__item\">Project: Selfie Dalmatian Wall, Zaostrog (dog sculpture)<\/li>\r\n\t\t\t\t\t\t\t\t\t\t\t\t\t<\/ul>\r\n\t\t\t\t\t<\/div>\r\n\t\t\t\t<\/article>\r\n\t\t\t\t\t\t\t\t\t<article\r\n\t\t\t\t\tclass=\"adna-ht__segment adna-ht__segment--lower\"\r\n\t\t\t\t\tdata-adna-segment\r\n\t\t\t\t\tdata-year=\"2024\"\r\n\t\t\t\t>\r\n\t\t\t\t\t<div class=\"adna-ht__node\">\r\n\t\t\t\t\t\t<span class=\"adna-ht__dot\" aria-hidden=\"true\"><\/span>\r\n\t\t\t\t\t\t<span class=\"adna-ht__year\">2024<\/span>\r\n\t\t\t\t\t<\/div>\r\n\t\t\t\t\t<div class=\"adna-ht__card\">\r\n\t\t\t\t\t\t<ul class=\"adna-ht__list\">\r\n\t\t\t\t\t\t\t\t\t\t\t\t\t\t\t\t\t\t\t\t\t\t<li class=\"adna-ht__item adna-ht__item--heading\">Monuments:<\/li>\r\n\t\t\t\t\t\t\t\t\t\t\t\t\t\t\t\t\t\t\t\t\t\t<li class=\"adna-ht__item\"><a class=\"adna-ht__link\" href=\"https:\/\/adnabakija.hr\/en\/works\/mediterranean-monk-seals-drvenik\/\" target=\"_blank\" rel=\"noopener noreferrer\">Mediterranean monk seal, Drvenik (bronze)<\/a><\/li>\r\n\t\t\t\t\t\t\t\t\t\t\t\t\t\t\t\t\t\t\t\t\t\t<li class=\"adna-ht__item\"><a class=\"adna-ht__link\" href=\"https:\/\/adnabakija.hr\/en\/works\/monument-to-sailors-kormilo-municipality-of-vrsi\/\" target=\"_blank\" rel=\"noopener noreferrer\">To the seafarers \u201cRudder\u201d, Municipality of Vrsi (bronze)<\/a><\/li>\r\n\t\t\t\t\t\t\t\t\t\t\t\t\t\t\t\t\t\t\t\t\t\t<li class=\"adna-ht__item\"><a class=\"adna-ht__link\" href=\"https:\/\/adnabakija.hr\/en\/works\/josip-mikulec-oroslavje\/\" target=\"_blank\" rel=\"noopener noreferrer\">Josip Mikulec, Oroslavje (bronze)<\/a><\/li>\r\n\t\t\t\t\t\t\t\t\t\t\t\t\t\t\t\t\t\t\t\t\t\t<li class=\"adna-ht__item\"><a class=\"adna-ht__link\" href=\"https:\/\/adnabakija.hr\/en\/works\/mosaic-stairs-gradac-gradac-tourist-office\/\" target=\"_blank\" rel=\"noopener noreferrer\">Mosaic staircase Gradac, Tourist Board of the Municipality of Gradac<\/a><\/li>\r\n\t\t\t\t\t\t\t\t\t\t\t\t\t<\/ul>\r\n\t\t\t\t\t<\/div>\r\n\t\t\t\t<\/article>\r\n\t\t\t\t\t\t\t\t\t<article\r\n\t\t\t\t\tclass=\"adna-ht__segment adna-ht__segment--upper\"\r\n\t\t\t\t\tdata-adna-segment\r\n\t\t\t\t\tdata-year=\"2025\"\r\n\t\t\t\t>\r\n\t\t\t\t\t<div class=\"adna-ht__node\">\r\n\t\t\t\t\t\t<span class=\"adna-ht__dot\" aria-hidden=\"true\"><\/span>\r\n\t\t\t\t\t\t<span class=\"adna-ht__year\">2025<\/span>\r\n\t\t\t\t\t<\/div>\r\n\t\t\t\t\t<div class=\"adna-ht__card\">\r\n\t\t\t\t\t\t<ul class=\"adna-ht__list\">\r\n\t\t\t\t\t\t\t\t\t\t\t\t\t\t\t\t\t\t\t\t\t\t<li class=\"adna-ht__item adna-ht__item--heading\">Monuments:<\/li>\r\n\t\t\t\t\t\t\t\t\t\t\t\t\t\t\t\t\t\t\t\t\t\t<li class=\"adna-ht__item\"><a class=\"adna-ht__link\" href=\"https:\/\/adnabakija.hr\/en\/works\/ante-gaspar-vrgorac\/\" target=\"_blank\" rel=\"noopener noreferrer\">Ante Ga\u0161par, Vrgorac (bronze)<\/a><\/li>\r\n\t\t\t\t\t\t\t\t\t\t\t\t\t\t\t\t\t\t\t\t\t\t<li class=\"adna-ht__item\">Sculpture: Small nude, bronze<\/li>\r\n\t\t\t\t\t\t\t\t\t\t\t\t\t\t\t\t\t\t\t\t\t\t<li class=\"adna-ht__item adna-ht__item--heading\">Reliefs:<\/li>\r\n\t\t\t\t\t\t\t\t\t\t\t\t\t\t\t\t\t\t\t\t\t\t<li class=\"adna-ht__item\"><a class=\"adna-ht__link\" href=\"https:\/\/adnabakija.hr\/en\/works\/horse-fighting\/\" target=\"_blank\" rel=\"noopener noreferrer\">Horses fighting, bronze<\/a><\/li>\r\n\t\t\t\t\t\t\t\t\t\t\t\t\t\t\t\t\t\t\t\t\t\t<li class=\"adna-ht__item\"><a class=\"adna-ht__link\" href=\"https:\/\/adnabakija.hr\/en\/works\/ivan-hus-violin\/\" target=\"_blank\" rel=\"noopener noreferrer\">Violin, bronze<\/a><\/li>\r\n\t\t\t\t\t\t\t\t\t\t\t\t\t<\/ul>\r\n\t\t\t\t\t<\/div>\r\n\t\t\t\t<\/article>\r\n\t\t\t\t\t\t\t\t\t<article\r\n\t\t\t\t\tclass=\"adna-ht__segment adna-ht__segment--lower\"\r\n\t\t\t\t\tdata-adna-segment\r\n\t\t\t\t\tdata-year=\"2026\"\r\n\t\t\t\t>\r\n\t\t\t\t\t<div class=\"adna-ht__node\">\r\n\t\t\t\t\t\t<span class=\"adna-ht__dot\" aria-hidden=\"true\"><\/span>\r\n\t\t\t\t\t\t<span class=\"adna-ht__year\">2026<\/span>\r\n\t\t\t\t\t<\/div>\r\n\t\t\t\t\t<div class=\"adna-ht__card\">\r\n\t\t\t\t\t\t<ul class=\"adna-ht__list\">\r\n\t\t\t\t\t\t\t\t\t\t\t\t\t\t\t\t\t\t\t\t\t\t<li class=\"adna-ht__item adna-ht__item--heading\">Monuments:<\/li>\r\n\t\t\t\t\t\t\t\t\t\t\t\t\t\t\t\t\t\t\t\t\t\t<li class=\"adna-ht__item\"><a class=\"adna-ht__link\" href=\"https:\/\/adnabakija.hr\/en\/works\/mate-svjetski-and-the-dog-globus-vrgorac\/\" target=\"_blank\" rel=\"noopener noreferrer\">Our Lady of the World and dog Globus, Vrgorac (bronze)<\/a><\/li>\r\n\t\t\t\t\t\t\t\t\t\t\t\t\t\t\t\t\t\t\t\t\t\t<li class=\"adna-ht__item\"><a class=\"adna-ht__link\" href=\"https:\/\/adnabakija.hr\/en\/works\/viranka-with-a-cab-and-a-donkey-with-a-barrel-island-of-vir\/\" target=\"_blank\" rel=\"noopener noreferrer\">Woman in a rain cape and donkey with a churn drill, island of Vir (bronze)<\/a><\/li>\r\n\t\t\t\t\t\t\t\t\t\t\t\t\t\t\t\t\t\t\t\t\t\t<li class=\"adna-ht__item adna-ht__item--heading\">Reliefs:<\/li>\r\n\t\t\t\t\t\t\t\t\t\t\t\t\t\t\t\t\t\t\t\t\t\t<li class=\"adna-ht__item\">Sunflowers, bronze<\/li>\r\n\t\t\t\t\t\t\t\t\t\t\t\t\t<\/ul>\r\n\t\t\t\t\t<\/div>\r\n\t\t\t\t<\/article>\r\n\t\t\t\t\t\t\t\t<\/div>\r\n\t\t<\/div>\r\n\t<\/div>\r\n<\/div>\r\n\t<\/div>\n\t\t\t\t\t\t<\/div>\n\t\t\t\t\t<\/div>\n\t\t\t\t<\/div>\n\t\t\t\t<\/div>\n\t\t","protected":false},"excerpt":{"rendered":"<p>Works<\/p>\n","protected":false},"author":1,"featured_media":0,"parent":0,"menu_order":0,"comment_status":"closed","ping_status":"closed","template":"","meta":{"_acf_changed":false,"footnotes":""},"class_list":["post-667","page","type-page","status-publish","hentry"],"acf":[],"_links":{"self":[{"href":"https:\/\/adnabakija.hr\/en\/wp-json\/wp\/v2\/pages\/667","targetHints":{"allow":["GET"]}}],"collection":[{"href":"https:\/\/adnabakija.hr\/en\/wp-json\/wp\/v2\/pages"}],"about":[{"href":"https:\/\/adnabakija.hr\/en\/wp-json\/wp\/v2\/types\/page"}],"author":[{"embeddable":true,"href":"https:\/\/adnabakija.hr\/en\/wp-json\/wp\/v2\/users\/1"}],"replies":[{"embeddable":true,"href":"https:\/\/adnabakija.hr\/en\/wp-json\/wp\/v2\/comments?post=667"}],"version-history":[{"count":1,"href":"https:\/\/adnabakija.hr\/en\/wp-json\/wp\/v2\/pages\/667\/revisions"}],"predecessor-version":[{"id":668,"href":"https:\/\/adnabakija.hr\/en\/wp-json\/wp\/v2\/pages\/667\/revisions\/668"}],"wp:attachment":[{"href":"https:\/\/adnabakija.hr\/en\/wp-json\/wp\/v2\/media?parent=667"}],"curies":[{"name":"wp","href":"https:\/\/api.w.org\/{rel}","templated":true}]}}